{"id":24631,"date":"2024-01-22T19:20:37","date_gmt":"2024-01-22T18:20:37","guid":{"rendered":"https:\/\/www.jumar-kwaszonki.pl\/?page_id=24631"},"modified":"2024-02-05T01:26:04","modified_gmt":"2024-02-05T00:26:04","slug":"fundusze-europejskie","status":"publish","type":"page","link":"https:\/\/www.jumar-kwaszonki.pl\/?page_id=24631","title":{"rendered":"Fundusze Europejskie"},"content":{"rendered":"\t\t<div data-elementor-type=\"wp-page\" data-elementor-id=\"24631\" class=\"elementor elementor-24631\" data-elementor-post-type=\"page\">\n\t\t\t\t\t\t<section class=\"elementor-section elementor-top-section elementor-element elementor-element-5cf6403 elementor-section-boxed elementor-section-height-default elementor-section-height-default\" data-id=\"5cf6403\" data-element_type=\"section\" data-e-type=\"section\">\n\t\t\t\t\t\t<div class=\"elementor-container elementor-column-gap-default\">\n\t\t\t\t\t<div class=\"elementor-column elementor-col-100 elementor-top-column elementor-element elementor-element-400039a\" data-id=\"400039a\" data-element_type=\"column\" data-e-type=\"column\">\n\t\t\t<div class=\"elementor-widget-wrap elementor-element-populated\">\n\t\t\t\t\t\t<div class=\"elementor-element elementor-element-80485be elementor-widget elementor-widget-image\" data-id=\"80485be\" data-element_type=\"widget\" data-e-type=\"widget\" data-widget_type=\"image.default\">\n\t\t\t\t<div class=\"elementor-widget-container\">\n\t\t\t\t\t\t\t\t\t\t\t\t\t\t\t<img fetchpriority=\"high\" decoding=\"async\" width=\"768\" height=\"112\" src=\"https:\/\/www.jumar-kwaszonki.pl\/wp-content\/uploads\/2024\/01\/Przechwytywanie-768x112.jpg\" class=\"attachment-medium_large size-medium_large wp-image-24636\" alt=\"\" srcset=\"https:\/\/www.jumar-kwaszonki.pl\/wp-content\/uploads\/2024\/01\/Przechwytywanie-768x112.jpg 768w, https:\/\/www.jumar-kwaszonki.pl\/wp-content\/uploads\/2024\/01\/Przechwytywanie-300x44.jpg 300w, https:\/\/www.jumar-kwaszonki.pl\/wp-content\/uploads\/2024\/01\/Przechwytywanie.jpg 970w\" sizes=\"(max-width: 768px) 100vw, 768px\" \/>\t\t\t\t\t\t\t\t\t\t\t\t\t\t\t<\/div>\n\t\t\t\t<\/div>\n\t\t\t\t\t<\/div>\n\t\t<\/div>\n\t\t\t\t\t<\/div>\n\t\t<\/section>\n\t\t\t\t<section class=\"elementor-section elementor-top-section elementor-element elementor-element-165b49b elementor-section-boxed elementor-section-height-default elementor-section-height-default\" data-id=\"165b49b\" data-element_type=\"section\" data-e-type=\"section\">\n\t\t\t\t\t\t<div class=\"elementor-container elementor-column-gap-default\">\n\t\t\t\t\t<div class=\"elementor-column elementor-col-100 elementor-top-column elementor-element elementor-element-80ab55b\" data-id=\"80ab55b\" data-element_type=\"column\" data-e-type=\"column\">\n\t\t\t<div class=\"elementor-widget-wrap elementor-element-populated\">\n\t\t\t\t\t\t<div class=\"elementor-element elementor-element-a43a29d elementor-widget elementor-widget-text-editor\" data-id=\"a43a29d\" data-element_type=\"widget\" data-e-type=\"widget\" data-widget_type=\"text-editor.default\">\n\t\t\t\t<div class=\"elementor-widget-container\">\n\t\t\t\t\t\t\t\t\t<h4>Jerzy Ka\u0142wa realizuje przedsi\u0119wzi\u0119cie:\u00a0<\/h4><h4>Zakup linii do pakowania og\u00f3rk\u00f3w kiszonych w worki PP\/PE.\u00a0<\/h4><h4>Zakup spr\u0119\u017carki \u015brubowej o mocy 5,5 kW.<\/h4><h4>Dofinansowanie z UE: [138 539,00 PLN]<\/h4>\t\t\t\t\t\t\t\t<\/div>\n\t\t\t\t<\/div>\n\t\t\t\t<div class=\"elementor-element elementor-element-662d813 elementor-widget elementor-widget-spacer\" data-id=\"662d813\" data-element_type=\"widget\" data-e-type=\"widget\" data-widget_type=\"spacer.default\">\n\t\t\t\t<div class=\"elementor-widget-container\">\n\t\t\t\t\t\t\t<div class=\"elementor-spacer\">\n\t\t\t<div class=\"elementor-spacer-inner\"><\/div>\n\t\t<\/div>\n\t\t\t\t\t\t<\/div>\n\t\t\t\t<\/div>\n\t\t\t\t\t<\/div>\n\t\t<\/div>\n\t\t\t\t\t<\/div>\n\t\t<\/section>\n\t\t\t\t<\/div>\n\t\t","protected":false},"excerpt":{"rendered":"<p>Jerzy Ka\u0142wa realizuje przedsi\u0119wzi\u0119cie:\u00a0 Zakup linii do pakowania og\u00f3rk\u00f3w kiszonych w worki PP\/PE.\u00a0 Zakup spr\u0119\u017carki \u015brubowej o mocy 5,5 kW. Dofinansowanie z UE: [138 539,00 PLN]<\/p>\n","protected":false},"author":1,"featured_media":0,"parent":0,"menu_order":0,"comment_status":"closed","ping_status":"closed","template":"","meta":{"footnotes":""},"class_list":["post-24631","page","type-page","status-publish"],"yoast_head":"<!-- This site is optimized with the Yoast SEO plugin v22.0 - https:\/\/yoast.com\/wordpress\/plugins\/seo\/ -->\n<title>Fundusze Europejskie Kapusta kiszona<\/title>\n<meta name=\"robots\" content=\"index, follow, max-snippet:-1, max-image-preview:large, max-video-preview:-1\" \/>\n<link rel=\"canonical\" href=\"https:\/\/www.jumar-kwaszonki.pl\/?page_id=24631\" \/>\n<meta property=\"og:locale\" content=\"pl_PL\" \/>\n<meta property=\"og:type\" content=\"article\" \/>\n<meta property=\"og:title\" content=\"Fundusze Europejskie Kapusta kiszona\" \/>\n<meta property=\"og:description\" content=\"Jerzy Ka\u0142wa realizuje przedsi\u0119wzi\u0119cie:\u00a0 Zakup linii do pakowania og\u00f3rk\u00f3w kiszonych w worki PP\/PE.\u00a0 Zakup spr\u0119\u017carki \u015brubowej o mocy 5,5 kW. Dofinansowanie z UE: [138 539,00 PLN]\" \/>\n<meta property=\"og:url\" content=\"https:\/\/www.jumar-kwaszonki.pl\/?page_id=24631\" \/>\n<meta property=\"og:site_name\" content=\"Jumar-kwaszonki\" \/>\n<meta property=\"article:modified_time\" content=\"2024-02-05T00:26:04+00:00\" \/>\n<meta property=\"og:image\" content=\"https:\/\/www.jumar-kwaszonki.pl\/wp-content\/uploads\/2024\/01\/Przechwytywanie-768x112.jpg\" \/>\n<meta name=\"twitter:card\" content=\"summary_large_image\" \/>\n<script type=\"application\/ld+json\" class=\"yoast-schema-graph\">{\"@context\":\"https:\/\/schema.org\",\"@graph\":[{\"@type\":\"WebPage\",\"@id\":\"https:\/\/www.jumar-kwaszonki.pl\/?page_id=24631\",\"url\":\"https:\/\/www.jumar-kwaszonki.pl\/?page_id=24631\",\"name\":\"Fundusze Europejskie Kapusta kiszona\",\"isPartOf\":{\"@id\":\"https:\/\/www.jumar-kwaszonki.pl\/#website\"},\"datePublished\":\"2024-01-22T18:20:37+00:00\",\"dateModified\":\"2024-02-05T00:26:04+00:00\",\"breadcrumb\":{\"@id\":\"https:\/\/www.jumar-kwaszonki.pl\/?page_id=24631#breadcrumb\"},\"inLanguage\":\"pl-PL\",\"potentialAction\":[{\"@type\":\"ReadAction\",\"target\":[\"https:\/\/www.jumar-kwaszonki.pl\/?page_id=24631\"]}]},{\"@type\":\"BreadcrumbList\",\"@id\":\"https:\/\/www.jumar-kwaszonki.pl\/?page_id=24631#breadcrumb\",\"itemListElement\":[{\"@type\":\"ListItem\",\"position\":1,\"name\":\"Strona g\u0142\u00f3wna\",\"item\":\"https:\/\/www.jumar-kwaszonki.pl\/\"},{\"@type\":\"ListItem\",\"position\":2,\"name\":\"Fundusze Europejskie\"}]},{\"@type\":\"WebSite\",\"@id\":\"https:\/\/www.jumar-kwaszonki.pl\/#website\",\"url\":\"https:\/\/www.jumar-kwaszonki.pl\/\",\"name\":\"JUMAR-kwaszonki\",\"description\":\"\",\"publisher\":{\"@id\":\"https:\/\/www.jumar-kwaszonki.pl\/#organization\"},\"potentialAction\":[{\"@type\":\"SearchAction\",\"target\":{\"@type\":\"EntryPoint\",\"urlTemplate\":\"https:\/\/www.jumar-kwaszonki.pl\/?s={search_term_string}\"},\"query-input\":\"required name=search_term_string\"}],\"inLanguage\":\"pl-PL\"},{\"@type\":\"Organization\",\"@id\":\"https:\/\/www.jumar-kwaszonki.pl\/#organization\",\"name\":\"Jumar-kwaszonki\",\"url\":\"https:\/\/www.jumar-kwaszonki.pl\/\",\"logo\":{\"@type\":\"ImageObject\",\"inLanguage\":\"pl-PL\",\"@id\":\"https:\/\/www.jumar-kwaszonki.pl\/#\/schema\/logo\/image\/\",\"url\":\"https:\/\/www.jumar-kwaszonki.pl\/wp-content\/uploads\/2024\/02\/ogorki-tarte-1-1.jpg\",\"contentUrl\":\"https:\/\/www.jumar-kwaszonki.pl\/wp-content\/uploads\/2024\/02\/ogorki-tarte-1-1.jpg\",\"width\":512,\"height\":512,\"caption\":\"Jumar-kwaszonki\"},\"image\":{\"@id\":\"https:\/\/www.jumar-kwaszonki.pl\/#\/schema\/logo\/image\/\"}}]}<\/script>\n<!-- \/ Yoast SEO plugin. -->","yoast_head_json":{"title":"Fundusze Europejskie Kapusta kiszona","robots":{"index":"index","follow":"follow","max-snippet":"max-snippet:-1","max-image-preview":"max-image-preview:large","max-video-preview":"max-video-preview:-1"},"canonical":"https:\/\/www.jumar-kwaszonki.pl\/?page_id=24631","og_locale":"pl_PL","og_type":"article","og_title":"Fundusze Europejskie Kapusta kiszona","og_description":"Jerzy Ka\u0142wa realizuje przedsi\u0119wzi\u0119cie:\u00a0 Zakup linii do pakowania og\u00f3rk\u00f3w kiszonych w worki PP\/PE.\u00a0 Zakup spr\u0119\u017carki \u015brubowej o mocy 5,5 kW. Dofinansowanie z UE: [138 539,00 PLN]","og_url":"https:\/\/www.jumar-kwaszonki.pl\/?page_id=24631","og_site_name":"Jumar-kwaszonki","article_modified_time":"2024-02-05T00:26:04+00:00","og_image":[{"url":"https:\/\/www.jumar-kwaszonki.pl\/wp-content\/uploads\/2024\/01\/Przechwytywanie-768x112.jpg"}],"twitter_card":"summary_large_image","schema":{"@context":"https:\/\/schema.org","@graph":[{"@type":"WebPage","@id":"https:\/\/www.jumar-kwaszonki.pl\/?page_id=24631","url":"https:\/\/www.jumar-kwaszonki.pl\/?page_id=24631","name":"Fundusze Europejskie Kapusta kiszona","isPartOf":{"@id":"https:\/\/www.jumar-kwaszonki.pl\/#website"},"datePublished":"2024-01-22T18:20:37+00:00","dateModified":"2024-02-05T00:26:04+00:00","breadcrumb":{"@id":"https:\/\/www.jumar-kwaszonki.pl\/?page_id=24631#breadcrumb"},"inLanguage":"pl-PL","potentialAction":[{"@type":"ReadAction","target":["https:\/\/www.jumar-kwaszonki.pl\/?page_id=24631"]}]},{"@type":"BreadcrumbList","@id":"https:\/\/www.jumar-kwaszonki.pl\/?page_id=24631#breadcrumb","itemListElement":[{"@type":"ListItem","position":1,"name":"Strona g\u0142\u00f3wna","item":"https:\/\/www.jumar-kwaszonki.pl\/"},{"@type":"ListItem","position":2,"name":"Fundusze Europejskie"}]},{"@type":"WebSite","@id":"https:\/\/www.jumar-kwaszonki.pl\/#website","url":"https:\/\/www.jumar-kwaszonki.pl\/","name":"JUMAR-kwaszonki","description":"","publisher":{"@id":"https:\/\/www.jumar-kwaszonki.pl\/#organization"},"potentialAction":[{"@type":"SearchAction","target":{"@type":"EntryPoint","urlTemplate":"https:\/\/www.jumar-kwaszonki.pl\/?s={search_term_string}"},"query-input":"required name=search_term_string"}],"inLanguage":"pl-PL"},{"@type":"Organization","@id":"https:\/\/www.jumar-kwaszonki.pl\/#organization","name":"Jumar-kwaszonki","url":"https:\/\/www.jumar-kwaszonki.pl\/","logo":{"@type":"ImageObject","inLanguage":"pl-PL","@id":"https:\/\/www.jumar-kwaszonki.pl\/#\/schema\/logo\/image\/","url":"https:\/\/www.jumar-kwaszonki.pl\/wp-content\/uploads\/2024\/02\/ogorki-tarte-1-1.jpg","contentUrl":"https:\/\/www.jumar-kwaszonki.pl\/wp-content\/uploads\/2024\/02\/ogorki-tarte-1-1.jpg","width":512,"height":512,"caption":"Jumar-kwaszonki"},"image":{"@id":"https:\/\/www.jumar-kwaszonki.pl\/#\/schema\/logo\/image\/"}}]}},"_links":{"self":[{"href":"https:\/\/www.jumar-kwaszonki.pl\/index.php?rest_route=\/wp\/v2\/pages\/24631","targetHints":{"allow":["GET"]}}],"collection":[{"href":"https:\/\/www.jumar-kwaszonki.pl\/index.php?rest_route=\/wp\/v2\/pages"}],"about":[{"href":"https:\/\/www.jumar-kwaszonki.pl\/index.php?rest_route=\/wp\/v2\/types\/page"}],"author":[{"embeddable":true,"href":"https:\/\/www.jumar-kwaszonki.pl\/index.php?rest_route=\/wp\/v2\/users\/1"}],"replies":[{"embeddable":true,"href":"https:\/\/www.jumar-kwaszonki.pl\/index.php?rest_route=%2Fwp%2Fv2%2Fcomments&post=24631"}],"version-history":[{"count":16,"href":"https:\/\/www.jumar-kwaszonki.pl\/index.php?rest_route=\/wp\/v2\/pages\/24631\/revisions"}],"predecessor-version":[{"id":24727,"href":"https:\/\/www.jumar-kwaszonki.pl\/index.php?rest_route=\/wp\/v2\/pages\/24631\/revisions\/24727"}],"wp:attachment":[{"href":"https:\/\/www.jumar-kwaszonki.pl\/index.php?rest_route=%2Fwp%2Fv2%2Fmedia&parent=24631"}],"curies":[{"name":"wp","href":"https:\/\/api.w.org\/{rel}","templated":true}]}}