{"id":24871,"date":"2024-02-06T22:14:59","date_gmt":"2024-02-06T21:14:59","guid":{"rendered":"https:\/\/www.jumar-kwaszonki.pl\/?page_id=24871"},"modified":"2025-11-20T12:39:23","modified_gmt":"2025-11-20T11:39:23","slug":"kontakt","status":"publish","type":"page","link":"https:\/\/www.jumar-kwaszonki.pl\/?page_id=24871","title":{"rendered":"Kontakt"},"content":{"rendered":"\t\t<div data-elementor-type=\"wp-page\" data-elementor-id=\"24871\" class=\"elementor elementor-24871\" data-elementor-post-type=\"page\">\n\t\t\t\t\t\t<section class=\"elementor-section elementor-top-section elementor-element elementor-element-b564c03 elementor-section-boxed elementor-section-height-default elementor-section-height-default\" data-id=\"b564c03\" data-element_type=\"section\" data-e-type=\"section\">\n\t\t\t\t\t\t<div class=\"elementor-container elementor-column-gap-default\">\n\t\t\t\t\t<div class=\"elementor-column elementor-col-100 elementor-top-column elementor-element elementor-element-46f6a63\" data-id=\"46f6a63\" data-element_type=\"column\" data-e-type=\"column\">\n\t\t\t<div class=\"elementor-widget-wrap elementor-element-populated\">\n\t\t\t\t\t\t<div class=\"elementor-element elementor-element-acbf610 elementor-widget elementor-widget-theme-site-logo elementor-widget-image\" data-id=\"acbf610\" data-element_type=\"widget\" data-e-type=\"widget\" data-widget_type=\"theme-site-logo.default\">\n\t\t\t\t<div class=\"elementor-widget-container\">\n\t\t\t\t\t\t\t\t\t\t\t<a href=\"https:\/\/www.jumar-kwaszonki.pl\">\n\t\t\t<img decoding=\"async\" width=\"255\" height=\"130\" src=\"https:\/\/www.jumar-kwaszonki.pl\/wp-content\/uploads\/2024\/01\/cropped-rsz_13logo-3.png\" class=\"attachment-full size-full wp-image-24730\" alt=\"\" \/>\t\t\t\t<\/a>\n\t\t\t\t\t\t\t\t\t\t\t<\/div>\n\t\t\t\t<\/div>\n\t\t\t\t<div class=\"elementor-element elementor-element-efa88f9 elementor-widget elementor-widget-heading\" data-id=\"efa88f9\" data-element_type=\"widget\" data-e-type=\"widget\" data-widget_type=\"heading.default\">\n\t\t\t\t<div class=\"elementor-widget-container\">\n\t\t\t\t\t<h2 class=\"elementor-heading-title elementor-size-default\">dane kontaktowe<\/h2>\t\t\t\t<\/div>\n\t\t\t\t<\/div>\n\t\t\t\t<div class=\"elementor-element elementor-element-c1c5d8a elementor-widget elementor-widget-spacer\" data-id=\"c1c5d8a\" data-element_type=\"widget\" data-e-type=\"widget\" data-widget_type=\"spacer.default\">\n\t\t\t\t<div class=\"elementor-widget-container\">\n\t\t\t\t\t\t\t<div class=\"elementor-spacer\">\n\t\t\t<div class=\"elementor-spacer-inner\"><\/div>\n\t\t<\/div>\n\t\t\t\t\t\t<\/div>\n\t\t\t\t<\/div>\n\t\t\t\t\t<\/div>\n\t\t<\/div>\n\t\t\t\t\t<\/div>\n\t\t<\/section>\n\t\t\t\t<section class=\"elementor-section elementor-top-section elementor-element elementor-element-d332037 elementor-section-boxed elementor-section-height-default elementor-section-height-default\" data-id=\"d332037\" data-element_type=\"section\" data-e-type=\"section\">\n\t\t\t\t\t\t<div class=\"elementor-container elementor-column-gap-default\">\n\t\t\t\t\t<div class=\"elementor-column elementor-col-100 elementor-top-column elementor-element elementor-element-8338a7f\" data-id=\"8338a7f\" data-element_type=\"column\" data-e-type=\"column\">\n\t\t\t<div class=\"elementor-widget-wrap elementor-element-populated\">\n\t\t\t\t\t\t<section class=\"elementor-section elementor-inner-section elementor-element elementor-element-10a9b8c elementor-section-boxed elementor-section-height-default elementor-section-height-default\" data-id=\"10a9b8c\" data-element_type=\"section\" data-e-type=\"section\">\n\t\t\t\t\t\t<div class=\"elementor-container elementor-column-gap-default\">\n\t\t\t\t\t<div class=\"elementor-column elementor-col-50 elementor-inner-column elementor-element elementor-element-e9d5261\" data-id=\"e9d5261\" data-element_type=\"column\" data-e-type=\"column\">\n\t\t\t<div class=\"elementor-widget-wrap elementor-element-populated\">\n\t\t\t\t\t\t<div class=\"elementor-element elementor-element-074f02a elementor-widget elementor-widget-heading\" data-id=\"074f02a\" data-element_type=\"widget\" data-e-type=\"widget\" data-widget_type=\"heading.default\">\n\t\t\t\t<div class=\"elementor-widget-container\">\n\t\t\t\t\t<h2 class=\"elementor-heading-title elementor-size-default\">Dane firmy<\/h2>\t\t\t\t<\/div>\n\t\t\t\t<\/div>\n\t\t\t\t<div class=\"elementor-element elementor-element-d6a6a6c elementor-widget elementor-widget-spacer\" data-id=\"d6a6a6c\" data-element_type=\"widget\" data-e-type=\"widget\" data-widget_type=\"spacer.default\">\n\t\t\t\t<div class=\"elementor-widget-container\">\n\t\t\t\t\t\t\t<div class=\"elementor-spacer\">\n\t\t\t<div class=\"elementor-spacer-inner\"><\/div>\n\t\t<\/div>\n\t\t\t\t\t\t<\/div>\n\t\t\t\t<\/div>\n\t\t\t\t<div class=\"elementor-element elementor-element-b92243b elementor-align-center elementor-list-item-link-full_width elementor-widget elementor-widget-icon-list\" data-id=\"b92243b\" data-element_type=\"widget\" data-e-type=\"widget\" data-widget_type=\"icon-list.default\">\n\t\t\t\t<div class=\"elementor-widget-container\">\n\t\t\t\t\t\t\t<ul class=\"elementor-icon-list-items\">\n\t\t\t\t\t\t\t<li class=\"elementor-icon-list-item\">\n\t\t\t\t\t\t\t\t\t\t<span class=\"elementor-icon-list-text\">Gospodarstwo Rolne Jerzy Ka\u0142wa<\/span>\n\t\t\t\t\t\t\t\t\t<\/li>\n\t\t\t\t\t\t\t\t<li class=\"elementor-icon-list-item\">\n\t\t\t\t\t\t\t\t\t\t<span class=\"elementor-icon-list-text\">NIP: 6591410476<\/span>\n\t\t\t\t\t\t\t\t\t<\/li>\n\t\t\t\t\t\t\t\t<li class=\"elementor-icon-list-item\">\n\t\t\t\t\t\t\t\t\t\t<span class=\"elementor-icon-list-text\">REGON: 356175130<\/span>\n\t\t\t\t\t\t\t\t\t<\/li>\n\t\t\t\t\t\t<\/ul>\n\t\t\t\t\t\t<\/div>\n\t\t\t\t<\/div>\n\t\t\t\t\t<\/div>\n\t\t<\/div>\n\t\t\t\t<div class=\"elementor-column elementor-col-50 elementor-inner-column elementor-element elementor-element-1d5486e\" data-id=\"1d5486e\" data-element_type=\"column\" data-e-type=\"column\">\n\t\t\t<div class=\"elementor-widget-wrap elementor-element-populated\">\n\t\t\t\t\t\t<div class=\"elementor-element elementor-element-0671b75 elementor-widget elementor-widget-heading\" data-id=\"0671b75\" data-element_type=\"widget\" data-e-type=\"widget\" data-widget_type=\"heading.default\">\n\t\t\t\t<div class=\"elementor-widget-container\">\n\t\t\t\t\t<h2 class=\"elementor-heading-title elementor-size-default\">Adres<\/h2>\t\t\t\t<\/div>\n\t\t\t\t<\/div>\n\t\t\t\t<div class=\"elementor-element elementor-element-4dd7fbe elementor-widget elementor-widget-spacer\" data-id=\"4dd7fbe\" data-element_type=\"widget\" data-e-type=\"widget\" data-widget_type=\"spacer.default\">\n\t\t\t\t<div class=\"elementor-widget-container\">\n\t\t\t\t\t\t\t<div class=\"elementor-spacer\">\n\t\t\t<div class=\"elementor-spacer-inner\"><\/div>\n\t\t<\/div>\n\t\t\t\t\t\t<\/div>\n\t\t\t\t<\/div>\n\t\t\t\t<div class=\"elementor-element elementor-element-3d7f5d0 elementor-widget elementor-widget-text-editor\" data-id=\"3d7f5d0\" data-element_type=\"widget\" data-e-type=\"widget\" data-widget_type=\"text-editor.default\">\n\t\t\t\t<div class=\"elementor-widget-container\">\n\t\t\t\t\t\t\t\t\t<p>Pogwizd\u00f3w 41<\/p>\n<p>32-250 Charsznica<\/p>\n<p><br><\/p>\t\t\t\t\t\t\t\t<\/div>\n\t\t\t\t<\/div>\n\t\t\t\t\t<\/div>\n\t\t<\/div>\n\t\t\t\t\t<\/div>\n\t\t<\/section>\n\t\t\t\t<div class=\"elementor-element elementor-element-ca07378 elementor-widget elementor-widget-heading\" data-id=\"ca07378\" data-element_type=\"widget\" data-e-type=\"widget\" data-widget_type=\"heading.default\">\n\t\t\t\t<div class=\"elementor-widget-container\">\n\t\t\t\t\t<h2 class=\"elementor-heading-title elementor-size-default\">Kontakt<\/h2>\t\t\t\t<\/div>\n\t\t\t\t<\/div>\n\t\t\t\t<div class=\"elementor-element elementor-element-0d83c98 elementor-widget elementor-widget-text-editor\" data-id=\"0d83c98\" data-element_type=\"widget\" data-e-type=\"widget\" data-widget_type=\"text-editor.default\">\n\t\t\t\t<div class=\"elementor-widget-container\">\n\t\t\t\t\t\t\t\t\t<p><strong>Jerzy Ka\u0142wa<\/strong><\/p>\n<p>tel. 692 422 793<\/p>\n<p><strong>mail: biuro@jumar-kwaszonki.pl<\/strong><\/p>\t\t\t\t\t\t\t\t<\/div>\n\t\t\t\t<\/div>\n\t\t\t\t<div class=\"elementor-element elementor-element-3f5d378 elementor-widget-divider--view-line elementor-widget elementor-widget-divider\" data-id=\"3f5d378\" data-element_type=\"widget\" data-e-type=\"widget\" data-widget_type=\"divider.default\">\n\t\t\t\t<div class=\"elementor-widget-container\">\n\t\t\t\t\t\t\t<div class=\"elementor-divider\">\n\t\t\t<span class=\"elementor-divider-separator\">\n\t\t\t\t\t\t<\/span>\n\t\t<\/div>\n\t\t\t\t\t\t<\/div>\n\t\t\t\t<\/div>\n\t\t\t\t\t<\/div>\n\t\t<\/div>\n\t\t\t\t\t<\/div>\n\t\t<\/section>\n\t\t\t\t<section class=\"elementor-section elementor-top-section elementor-element elementor-element-f780467 elementor-section-boxed elementor-section-height-default elementor-section-height-default\" data-id=\"f780467\" data-element_type=\"section\" data-e-type=\"section\">\n\t\t\t\t\t\t<div class=\"elementor-container elementor-column-gap-default\">\n\t\t\t\t\t<div class=\"elementor-column elementor-col-100 elementor-top-column elementor-element elementor-element-8645e3e\" data-id=\"8645e3e\" data-element_type=\"column\" data-e-type=\"column\">\n\t\t\t<div class=\"elementor-widget-wrap elementor-element-populated\">\n\t\t\t\t\t\t<div class=\"elementor-element elementor-element-457931c elementor-widget elementor-widget-google_maps\" data-id=\"457931c\" data-element_type=\"widget\" data-e-type=\"widget\" data-widget_type=\"google_maps.default\">\n\t\t\t\t<div class=\"elementor-widget-container\">\n\t\t\t\t\t\t\t<div class=\"elementor-custom-embed\">\n\t\t\t<iframe loading=\"lazy\"\n\t\t\t\t\tsrc=\"https:\/\/maps.google.com\/maps?q=jumar%20kwaszonki&#038;t=m&#038;z=10&#038;output=embed&#038;iwloc=near\"\n\t\t\t\t\ttitle=\"jumar kwaszonki\"\n\t\t\t\t\taria-label=\"jumar kwaszonki\"\n\t\t\t><\/iframe>\n\t\t<\/div>\n\t\t\t\t\t\t<\/div>\n\t\t\t\t<\/div>\n\t\t\t\t\t<\/div>\n\t\t<\/div>\n\t\t\t\t\t<\/div>\n\t\t<\/section>\n\t\t\t\t<\/div>\n\t\t","protected":false},"excerpt":{"rendered":"<p>dane kontaktowe Dane firmy Gospodarstwo Rolne Jerzy Ka\u0142wa NIP: 6591410476 REGON: 356175130 Adres Pogwizd\u00f3w 41 32-250 Charsznica Kontakt Jerzy Ka\u0142wa tel. 692 422 793 mail: biuro@jumar-kwaszonki.pl<\/p>\n","protected":false},"author":1,"featured_media":0,"parent":0,"menu_order":0,"comment_status":"closed","ping_status":"closed","template":"","meta":{"footnotes":""},"class_list":["post-24871","page","type-page","status-publish"],"yoast_head":"<!-- This site is optimized with the Yoast SEO plugin v22.0 - https:\/\/yoast.com\/wordpress\/plugins\/seo\/ -->\n<title>Kontakt Kapusta kiszona<\/title>\n<meta name=\"robots\" content=\"index, follow, max-snippet:-1, max-image-preview:large, max-video-preview:-1\" \/>\n<link rel=\"canonical\" href=\"https:\/\/www.jumar-kwaszonki.pl\/?page_id=24871\" \/>\n<meta property=\"og:locale\" content=\"pl_PL\" \/>\n<meta property=\"og:type\" content=\"article\" \/>\n<meta property=\"og:title\" content=\"Kontakt Kapusta kiszona\" \/>\n<meta property=\"og:description\" content=\"dane kontaktowe Dane firmy Gospodarstwo Rolne Jerzy Ka\u0142wa NIP: 6591410476 REGON: 356175130 Adres Pogwizd\u00f3w 41 32-250 Charsznica Kontakt Jerzy Ka\u0142wa tel. 692 422 793 mail: biuro@jumar-kwaszonki.pl\" \/>\n<meta property=\"og:url\" content=\"https:\/\/www.jumar-kwaszonki.pl\/?page_id=24871\" \/>\n<meta property=\"og:site_name\" content=\"Jumar-kwaszonki\" \/>\n<meta property=\"article:modified_time\" content=\"2025-11-20T11:39:23+00:00\" \/>\n<meta property=\"og:image\" content=\"https:\/\/www.jumar-kwaszonki.pl\/wp-content\/uploads\/2024\/01\/rsz_13logo.png\" \/>\n\t<meta property=\"og:image:width\" content=\"255\" \/>\n\t<meta property=\"og:image:height\" content=\"130\" \/>\n\t<meta property=\"og:image:type\" content=\"image\/png\" \/>\n<meta name=\"twitter:card\" content=\"summary_large_image\" \/>\n<meta name=\"twitter:label1\" content=\"Szacowany czas czytania\" \/>\n\t<meta name=\"twitter:data1\" content=\"1 minuta\" \/>\n<script type=\"application\/ld+json\" class=\"yoast-schema-graph\">{\"@context\":\"https:\/\/schema.org\",\"@graph\":[{\"@type\":\"WebPage\",\"@id\":\"https:\/\/www.jumar-kwaszonki.pl\/?page_id=24871\",\"url\":\"https:\/\/www.jumar-kwaszonki.pl\/?page_id=24871\",\"name\":\"Kontakt Kapusta kiszona\",\"isPartOf\":{\"@id\":\"https:\/\/www.jumar-kwaszonki.pl\/#website\"},\"datePublished\":\"2024-02-06T21:14:59+00:00\",\"dateModified\":\"2025-11-20T11:39:23+00:00\",\"breadcrumb\":{\"@id\":\"https:\/\/www.jumar-kwaszonki.pl\/?page_id=24871#breadcrumb\"},\"inLanguage\":\"pl-PL\",\"potentialAction\":[{\"@type\":\"ReadAction\",\"target\":[\"https:\/\/www.jumar-kwaszonki.pl\/?page_id=24871\"]}]},{\"@type\":\"BreadcrumbList\",\"@id\":\"https:\/\/www.jumar-kwaszonki.pl\/?page_id=24871#breadcrumb\",\"itemListElement\":[{\"@type\":\"ListItem\",\"position\":1,\"name\":\"Strona g\u0142\u00f3wna\",\"item\":\"https:\/\/www.jumar-kwaszonki.pl\/\"},{\"@type\":\"ListItem\",\"position\":2,\"name\":\"Kontakt\"}]},{\"@type\":\"WebSite\",\"@id\":\"https:\/\/www.jumar-kwaszonki.pl\/#website\",\"url\":\"https:\/\/www.jumar-kwaszonki.pl\/\",\"name\":\"JUMAR-kwaszonki\",\"description\":\"\",\"publisher\":{\"@id\":\"https:\/\/www.jumar-kwaszonki.pl\/#organization\"},\"potentialAction\":[{\"@type\":\"SearchAction\",\"target\":{\"@type\":\"EntryPoint\",\"urlTemplate\":\"https:\/\/www.jumar-kwaszonki.pl\/?s={search_term_string}\"},\"query-input\":\"required name=search_term_string\"}],\"inLanguage\":\"pl-PL\"},{\"@type\":\"Organization\",\"@id\":\"https:\/\/www.jumar-kwaszonki.pl\/#organization\",\"name\":\"Jumar-kwaszonki\",\"url\":\"https:\/\/www.jumar-kwaszonki.pl\/\",\"logo\":{\"@type\":\"ImageObject\",\"inLanguage\":\"pl-PL\",\"@id\":\"https:\/\/www.jumar-kwaszonki.pl\/#\/schema\/logo\/image\/\",\"url\":\"https:\/\/www.jumar-kwaszonki.pl\/wp-content\/uploads\/2024\/02\/ogorki-tarte-1-1.jpg\",\"contentUrl\":\"https:\/\/www.jumar-kwaszonki.pl\/wp-content\/uploads\/2024\/02\/ogorki-tarte-1-1.jpg\",\"width\":512,\"height\":512,\"caption\":\"Jumar-kwaszonki\"},\"image\":{\"@id\":\"https:\/\/www.jumar-kwaszonki.pl\/#\/schema\/logo\/image\/\"}}]}<\/script>\n<!-- \/ Yoast SEO plugin. -->","yoast_head_json":{"title":"Kontakt Kapusta kiszona","robots":{"index":"index","follow":"follow","max-snippet":"max-snippet:-1","max-image-preview":"max-image-preview:large","max-video-preview":"max-video-preview:-1"},"canonical":"https:\/\/www.jumar-kwaszonki.pl\/?page_id=24871","og_locale":"pl_PL","og_type":"article","og_title":"Kontakt Kapusta kiszona","og_description":"dane kontaktowe Dane firmy Gospodarstwo Rolne Jerzy Ka\u0142wa NIP: 6591410476 REGON: 356175130 Adres Pogwizd\u00f3w 41 32-250 Charsznica Kontakt Jerzy Ka\u0142wa tel. 692 422 793 mail: biuro@jumar-kwaszonki.pl","og_url":"https:\/\/www.jumar-kwaszonki.pl\/?page_id=24871","og_site_name":"Jumar-kwaszonki","article_modified_time":"2025-11-20T11:39:23+00:00","og_image":[{"width":255,"height":130,"url":"https:\/\/www.jumar-kwaszonki.pl\/wp-content\/uploads\/2024\/01\/rsz_13logo.png","type":"image\/png"}],"twitter_card":"summary_large_image","twitter_misc":{"Szacowany czas czytania":"1 minuta"},"schema":{"@context":"https:\/\/schema.org","@graph":[{"@type":"WebPage","@id":"https:\/\/www.jumar-kwaszonki.pl\/?page_id=24871","url":"https:\/\/www.jumar-kwaszonki.pl\/?page_id=24871","name":"Kontakt Kapusta kiszona","isPartOf":{"@id":"https:\/\/www.jumar-kwaszonki.pl\/#website"},"datePublished":"2024-02-06T21:14:59+00:00","dateModified":"2025-11-20T11:39:23+00:00","breadcrumb":{"@id":"https:\/\/www.jumar-kwaszonki.pl\/?page_id=24871#breadcrumb"},"inLanguage":"pl-PL","potentialAction":[{"@type":"ReadAction","target":["https:\/\/www.jumar-kwaszonki.pl\/?page_id=24871"]}]},{"@type":"BreadcrumbList","@id":"https:\/\/www.jumar-kwaszonki.pl\/?page_id=24871#breadcrumb","itemListElement":[{"@type":"ListItem","position":1,"name":"Strona g\u0142\u00f3wna","item":"https:\/\/www.jumar-kwaszonki.pl\/"},{"@type":"ListItem","position":2,"name":"Kontakt"}]},{"@type":"WebSite","@id":"https:\/\/www.jumar-kwaszonki.pl\/#website","url":"https:\/\/www.jumar-kwaszonki.pl\/","name":"JUMAR-kwaszonki","description":"","publisher":{"@id":"https:\/\/www.jumar-kwaszonki.pl\/#organization"},"potentialAction":[{"@type":"SearchAction","target":{"@type":"EntryPoint","urlTemplate":"https:\/\/www.jumar-kwaszonki.pl\/?s={search_term_string}"},"query-input":"required name=search_term_string"}],"inLanguage":"pl-PL"},{"@type":"Organization","@id":"https:\/\/www.jumar-kwaszonki.pl\/#organization","name":"Jumar-kwaszonki","url":"https:\/\/www.jumar-kwaszonki.pl\/","logo":{"@type":"ImageObject","inLanguage":"pl-PL","@id":"https:\/\/www.jumar-kwaszonki.pl\/#\/schema\/logo\/image\/","url":"https:\/\/www.jumar-kwaszonki.pl\/wp-content\/uploads\/2024\/02\/ogorki-tarte-1-1.jpg","contentUrl":"https:\/\/www.jumar-kwaszonki.pl\/wp-content\/uploads\/2024\/02\/ogorki-tarte-1-1.jpg","width":512,"height":512,"caption":"Jumar-kwaszonki"},"image":{"@id":"https:\/\/www.jumar-kwaszonki.pl\/#\/schema\/logo\/image\/"}}]}},"_links":{"self":[{"href":"https:\/\/www.jumar-kwaszonki.pl\/index.php?rest_route=\/wp\/v2\/pages\/24871","targetHints":{"allow":["GET"]}}],"collection":[{"href":"https:\/\/www.jumar-kwaszonki.pl\/index.php?rest_route=\/wp\/v2\/pages"}],"about":[{"href":"https:\/\/www.jumar-kwaszonki.pl\/index.php?rest_route=\/wp\/v2\/types\/page"}],"author":[{"embeddable":true,"href":"https:\/\/www.jumar-kwaszonki.pl\/index.php?rest_route=\/wp\/v2\/users\/1"}],"replies":[{"embeddable":true,"href":"https:\/\/www.jumar-kwaszonki.pl\/index.php?rest_route=%2Fwp%2Fv2%2Fcomments&post=24871"}],"version-history":[{"count":10,"href":"https:\/\/www.jumar-kwaszonki.pl\/index.php?rest_route=\/wp\/v2\/pages\/24871\/revisions"}],"predecessor-version":[{"id":24988,"href":"https:\/\/www.jumar-kwaszonki.pl\/index.php?rest_route=\/wp\/v2\/pages\/24871\/revisions\/24988"}],"wp:attachment":[{"href":"https:\/\/www.jumar-kwaszonki.pl\/index.php?rest_route=%2Fwp%2Fv2%2Fmedia&parent=24871"}],"curies":[{"name":"wp","href":"https:\/\/api.w.org\/{rel}","templated":true}]}}